{"id":11,"date":"2021-03-31T11:42:34","date_gmt":"2021-03-31T11:42:34","guid":{"rendered":"http:\/\/nms-festival.de\/wp\/?page_id=11"},"modified":"2024-05-15T00:43:20","modified_gmt":"2024-05-15T00:43:20","slug":"die-regionalen-beirate","status":"publish","type":"page","link":"https:\/\/nms-festival.de\/wp\/die-regionalen-beirate\/","title":{"rendered":"Regionale Beir\u00e4te"},"content":{"rendered":"\n<p><strong>Die Funktion und die Aufgaben<\/strong><\/p>\n\n\n\n<p>Die regionalen Beir\u00e4te sind allesamt musik- und kulturbegeisterte Menschen, die das SHMF mit ihrem ehrenamtlichen Einsatz als Vorortbotschafter in ganz besonderer Weise mitgestalten. Sie k\u00fcmmern sich im Vorfeld des Festivals um die Verteilung der Werbematerialien und gewinnen regionale Firmen und Privatpersonen als Unterst\u00fctzer des SHMF. Dies in Form von Geldspenden oder Sachspenden zumeist f\u00fcr das K\u00fcnstlercatering.<\/p>\n\n\n\n<p>W\u00e4hrend des Festivals sind die Beir\u00e4te zum einen die Ansprechpartner und Unterst\u00fctzer f\u00fcr die L\u00fcbecker Festivalorganisatoren und zum anderen sorgen sie f\u00fcr das leibliche Wohl der K\u00fcnstler und stehen diesen w\u00e4hrend der Proben- und Konzerttage mit Rat und Tat zur Seite. Sei es f\u00fcr eine Fahrt zum Hotel oder Bahnhof oder eine kleine Besorgung oder mit einem lokalen Tipp. Somit tragen die Beir\u00e4te dazu bei, dass sich die K\u00fcnstler voll und ganz auf ihren Auftritt konzentrieren und dem Publikum die beste Performance bieten k\u00f6nnen. <\/p>\n\n\n\n<figure class=\"wp-block-gallery has-nested-images columns-default is-cropped wp-block-gallery-1 is-layout-flex wp-block-gallery-is-layout-flex\">\n<figure class=\"wp-block-image size-full\"><img loading=\"lazy\" decoding=\"async\" width=\"930\" height=\"930\" data-id=\"951\" src=\"https:\/\/nms-festival.de\/wp\/wp-content\/uploads\/2022\/05\/Catering2.jpg\" alt=\"\" class=\"wp-image-951\" srcset=\"https:\/\/nms-festival.de\/wp\/wp-content\/uploads\/2022\/05\/Catering2.jpg 930w, https:\/\/nms-festival.de\/wp\/wp-content\/uploads\/2022\/05\/Catering2-300x300.jpg 300w, https:\/\/nms-festival.de\/wp\/wp-content\/uploads\/2022\/05\/Catering2-150x150.jpg 150w, https:\/\/nms-festival.de\/wp\/wp-content\/uploads\/2022\/05\/Catering2-768x768.jpg 768w\" sizes=\"auto, (max-width: 930px) 100vw, 930px\" \/><\/figure>\n\n\n\n<figure class=\"wp-block-image size-full\"><img loading=\"lazy\" decoding=\"async\" width=\"930\" height=\"930\" data-id=\"952\" src=\"https:\/\/nms-festival.de\/wp\/wp-content\/uploads\/2022\/05\/Catering3.jpg\" alt=\"\" class=\"wp-image-952\" srcset=\"https:\/\/nms-festival.de\/wp\/wp-content\/uploads\/2022\/05\/Catering3.jpg 930w, https:\/\/nms-festival.de\/wp\/wp-content\/uploads\/2022\/05\/Catering3-300x300.jpg 300w, https:\/\/nms-festival.de\/wp\/wp-content\/uploads\/2022\/05\/Catering3-150x150.jpg 150w, https:\/\/nms-festival.de\/wp\/wp-content\/uploads\/2022\/05\/Catering3-768x768.jpg 768w\" sizes=\"auto, (max-width: 930px) 100vw, 930px\" \/><\/figure>\n\n\n\n<figure class=\"wp-block-image size-large\"><img loading=\"lazy\" decoding=\"async\" width=\"1024\" height=\"1024\" data-id=\"950\" src=\"https:\/\/nms-festival.de\/wp\/wp-content\/uploads\/2022\/05\/Catering1-1024x1024.jpg\" alt=\"\" class=\"wp-image-950\" srcset=\"https:\/\/nms-festival.de\/wp\/wp-content\/uploads\/2022\/05\/Catering1-1024x1024.jpg 1024w, https:\/\/nms-festival.de\/wp\/wp-content\/uploads\/2022\/05\/Catering1-300x300.jpg 300w, https:\/\/nms-festival.de\/wp\/wp-content\/uploads\/2022\/05\/Catering1-150x150.jpg 150w, https:\/\/nms-festival.de\/wp\/wp-content\/uploads\/2022\/05\/Catering1-768x768.jpg 768w, https:\/\/nms-festival.de\/wp\/wp-content\/uploads\/2022\/05\/Catering1.jpg 1512w\" sizes=\"auto, (max-width: 1024px) 100vw, 1024px\" \/><\/figure>\n<\/figure>\n\n\n\n<p><\/p>\n\n\n\n<p><\/p>\n\n\n\n<p><strong>Das zus\u00e4tzliche Engagement des regionalen Beirats Neum\u00fcnster<\/strong><\/p>\n\n\n\n<figure class=\"wp-block-gallery has-nested-images columns-default is-cropped wp-block-gallery-2 is-layout-flex wp-block-gallery-is-layout-flex\">\n<figure class=\"wp-block-image size-full\"><img loading=\"lazy\" decoding=\"async\" width=\"512\" height=\"512\" data-id=\"959\" src=\"https:\/\/nms-festival.de\/wp\/wp-content\/uploads\/2022\/05\/Beirat1.jpg\" alt=\"\" class=\"wp-image-959\" srcset=\"https:\/\/nms-festival.de\/wp\/wp-content\/uploads\/2022\/05\/Beirat1.jpg 512w, https:\/\/nms-festival.de\/wp\/wp-content\/uploads\/2022\/05\/Beirat1-300x300.jpg 300w, https:\/\/nms-festival.de\/wp\/wp-content\/uploads\/2022\/05\/Beirat1-150x150.jpg 150w\" sizes=\"auto, (max-width: 512px) 100vw, 512px\" \/><\/figure>\n\n\n\n<figure class=\"wp-block-image size-full\"><img loading=\"lazy\" decoding=\"async\" width=\"512\" height=\"512\" data-id=\"961\" src=\"https:\/\/nms-festival.de\/wp\/wp-content\/uploads\/2022\/05\/Beirat3.jpg\" alt=\"\" class=\"wp-image-961\" srcset=\"https:\/\/nms-festival.de\/wp\/wp-content\/uploads\/2022\/05\/Beirat3.jpg 512w, https:\/\/nms-festival.de\/wp\/wp-content\/uploads\/2022\/05\/Beirat3-300x300.jpg 300w, https:\/\/nms-festival.de\/wp\/wp-content\/uploads\/2022\/05\/Beirat3-150x150.jpg 150w\" sizes=\"auto, (max-width: 512px) 100vw, 512px\" \/><\/figure>\n\n\n\n<figure class=\"wp-block-image size-full\"><img loading=\"lazy\" decoding=\"async\" width=\"512\" height=\"512\" data-id=\"960\" src=\"https:\/\/nms-festival.de\/wp\/wp-content\/uploads\/2022\/05\/Beirat2.jpg\" alt=\"\" class=\"wp-image-960\" srcset=\"https:\/\/nms-festival.de\/wp\/wp-content\/uploads\/2022\/05\/Beirat2.jpg 512w, https:\/\/nms-festival.de\/wp\/wp-content\/uploads\/2022\/05\/Beirat2-300x300.jpg 300w, https:\/\/nms-festival.de\/wp\/wp-content\/uploads\/2022\/05\/Beirat2-150x150.jpg 150w\" sizes=\"auto, (max-width: 512px) 100vw, 512px\" \/><\/figure>\n<\/figure>\n\n\n\n<p>Seit mehr als 30 Jahren veranstaltet der Beirat w\u00e4hrend der Festivalzeit des SHMF in Zusammenarbeit mit der Stadt Neum\u00fcnster ein erg\u00e4nzendes Rahmenprogramm. Das ist einzigartig! <\/p>\n\n\n\n<p>Abgestimmt auf den j\u00e4hrlichen Schwerpunktkomponisten erarbeitet der Beirat ein vielf\u00e4ltiges Angebot aus Vortr\u00e4gen, Lesungen, Gespr\u00e4chen, Filmvorf\u00fchrungen. Damit wird einem interessierten Publikum ein spannender Veranstaltungsmix gemacht, der Einblicke in die Arbeit, die Zeitgeschichte und das gesellschaftliche Umfeld des Komponisten bietet.<\/p>\n","protected":false},"excerpt":{"rendered":"<p>Die Funktion und die Aufgaben Die regionalen Beir\u00e4te sind allesamt <a class=\"more-link\" href=\"https:\/\/nms-festival.de\/wp\/die-regionalen-beirate\/\">Weiterlesen\u00a0\u2026<\/a><\/p>\n","protected":false},"author":1,"featured_media":0,"parent":0,"menu_order":0,"comment_status":"closed","ping_status":"closed","template":"","meta":{"footnotes":""},"class_list":["post-11","page","type-page","status-publish","hentry"],"_links":{"self":[{"href":"https:\/\/nms-festival.de\/wp\/wp-json\/wp\/v2\/pages\/11","targetHints":{"allow":["GET"]}}],"collection":[{"href":"https:\/\/nms-festival.de\/wp\/wp-json\/wp\/v2\/pages"}],"about":[{"href":"https:\/\/nms-festival.de\/wp\/wp-json\/wp\/v2\/types\/page"}],"author":[{"embeddable":true,"href":"https:\/\/nms-festival.de\/wp\/wp-json\/wp\/v2\/users\/1"}],"replies":[{"embeddable":true,"href":"https:\/\/nms-festival.de\/wp\/wp-json\/wp\/v2\/comments?post=11"}],"version-history":[{"count":26,"href":"https:\/\/nms-festival.de\/wp\/wp-json\/wp\/v2\/pages\/11\/revisions"}],"predecessor-version":[{"id":1433,"href":"https:\/\/nms-festival.de\/wp\/wp-json\/wp\/v2\/pages\/11\/revisions\/1433"}],"wp:attachment":[{"href":"https:\/\/nms-festival.de\/wp\/wp-json\/wp\/v2\/media?parent=11"}],"curies":[{"name":"wp","href":"https:\/\/api.w.org\/{rel}","templated":true}]}}